{"id":2799,"date":"2021-12-20T10:51:17","date_gmt":"2021-12-20T10:51:17","guid":{"rendered":"https:\/\/www.ecemarinasuit.com\/hakkimizda\/"},"modified":"2023-06-06T08:05:03","modified_gmt":"2023-06-06T08:05:03","slug":"hakkimizda","status":"publish","type":"page","link":"https:\/\/www.ecemarinasuit.com\/en\/hakkimizda\/","title":{"rendered":"About Ece Marina Suite Hotel"},"content":{"rendered":"\t\t<div data-elementor-type=\"wp-page\" data-elementor-id=\"2799\" class=\"elementor elementor-2799 elementor-809\">\n\t\t\t\t\t\t<section class=\"elementor-section elementor-top-section elementor-element elementor-element-789ccdf elementor-section-full_width elementor-section-height-default elementor-section-height-default\" data-id=\"789ccdf\" data-element_type=\"section\">\n\t\t\t\t\t\t<div class=\"elementor-container elementor-column-gap-default\">\n\t\t\t\t\t<div class=\"elementor-column elementor-col-100 elementor-top-column elementor-element elementor-element-b9ce891\" data-id=\"b9ce891\" data-element_type=\"column\">\n\t\t\t<div class=\"elementor-widget-wrap elementor-element-populated\">\n\t\t\t\t\t\t<div class=\"elementor-element elementor-element-fea6ecb elementor-widget elementor-widget-bluebell_welcome_section_v3\" data-id=\"fea6ecb\" data-element_type=\"widget\" data-widget_type=\"bluebell_welcome_section_v3.default\">\n\t\t\t\t<div class=\"elementor-widget-container\">\n\t\t\t       \n \t<!-- Welcome Section three -->\n    <section class=\" welcome-section-six light-bg mx-60 border-shape-top\">\n                <div class=\"auto-container\">\n            <div class=\"row\">\n                <div class=\"col-lg-6\">\n                    <div class=\"title-box\">\n                        <div class=\"sub-title\">Ece Marina S\u00fcit Otel<\/div>                        <h2 class=\"sec-title sec-title small mb-30\">\u00d6nceli\u011fimiz siz de\u011ferli misafirlerimiz...<\/h2>\n                        <div class=\"text\">Misafirlerimiz i\u00e7in elimizden geleni yapmaya \u00e7al\u0131\u015f\u0131yoruz.<\/div>                        <div class=\"text-two\">Otelimiz, Fethiye \u015fehir merkezine \u00e7ok yak\u0131n olan Karag\u00f6zlerdeki marinan\u0131n tam kar\u015f\u0131s\u0131ndad\u0131r. Otelimiz \u00f6n\u00fcnden ge\u00e7en belediye ara\u00e7lar\u0131yla t\u00fcm koylara rahatl\u0131kla ula\u015fabilirsiniz. Hepsi farkl\u0131 konseptle olu\u015fturulmu\u015f, yakla\u015f\u0131k 45 mt2 boyutlar\u0131nda, 1+1 yap\u0131da, 13 odadan olu\u015fan Suit Otelde siz de\u011ferli misafirlerimizin rahat etmesi i\u00e7in her detay d\u00fc\u015f\u00fcn\u00fcld\u00fc.\n<p>&nbsp;<\/p>\n\nOdalar\u0131n 8 tanesi manzaral\u0131d\u0131r. T\u00fcm Fethiye sahilini seyredebilece\u011finiz konumdad\u0131r. Di\u011fer 3 odam\u0131zda ise siz de\u011ferli misafirlerimizin konaklamas\u0131 i\u00e7in gerekli olan t\u00fcm donan\u0131m mevcuttur. \u0130ki adet Balay\u0131 Suiti vard\u0131r ve her biri Akdeniz\u2019in e\u015fsiz g\u00fczelliklerinden ilham al\u0131narak dizayn edilmi\u015ftir. \n<p>&nbsp;<\/p>\nSelimiye, Bozburun, Turun\u00e7, Yal\u0131kavak, Bitez, \u00d6l\u00fcdeniz, G\u00f6cek, Kayak\u00f6y gibi \u00fclkemizin de\u011ferli turizm noktalar\u0131n\u0131, uzman ekip arkada\u015flar\u0131m\u0131zla sizin i\u00e7in yeniden canland\u0131rd\u0131k. Her birinin i\u00e7inde ya\u015farken ilham al\u0131nan cennetin ve ait oldu\u011fu k\u00fclt\u00fcr\u00fcn izlerini bulacaks\u0131n\u0131z.\n\n  <\/div>                                               \n                                                <div class=\"author-info\">\n                            <div class=\"author-wrap\">\n                                <div class=\"author-thumb\"><img decoding=\"async\" src=\"https:\/\/www.ecemarinasuit.com\/wp-content\/uploads\/2023\/05\/ece-logo76.png\" alt=\"Awesome Image\"><\/div>                                                                                            <\/div>\n                                                    <\/div>\n                  \t                      \n                    <\/div>\n                <\/div>\n                <div class=\"col-lg-6\">\n                \t<div class=\"text-end\">\n                    \t<div class=\"image\"><img decoding=\"async\" src=\"https:\/\/www.ecemarinasuit.com\/wp-content\/uploads\/2023\/05\/fg.jpg\" alt=\"Awesome Image\"><\/div>\n                    <\/div>\n                <\/div>\n            <\/div>\n        <\/div>\n    <\/section>        \n    \n    \t\t<\/div>\n\t\t\t\t<\/div>\n\t\t\t\t\t<\/div>\n\t\t<\/div>\n\t\t\t\t\t<\/div>\n\t\t<\/section>\n\t\t\t\t<section class=\"elementor-section elementor-top-section elementor-element elementor-element-d3b9117 elementor-section-full_width elementor-section-height-default elementor-section-height-default\" data-id=\"d3b9117\" data-element_type=\"section\">\n\t\t\t\t\t\t<div class=\"elementor-container elementor-column-gap-default\">\n\t\t\t\t\t<div class=\"elementor-column elementor-col-100 elementor-top-column elementor-element elementor-element-21bd685\" data-id=\"21bd685\" data-element_type=\"column\">\n\t\t\t<div class=\"elementor-widget-wrap elementor-element-populated\">\n\t\t\t\t\t\t<div class=\"elementor-element elementor-element-bce3a06 elementor-widget elementor-widget-bluebell_why_choose_us\" data-id=\"bce3a06\" data-element_type=\"widget\" data-widget_type=\"bluebell_why_choose_us.default\">\n\t\t\t\t<div class=\"elementor-widget-container\">\n\t\t\t        \n \t<!-- Why Choose Us -->\n    <section class=\"why-choose-us-section mx-60 border-shape-bottom light-bg pt-0\">\n        <div class=\"auto-container\">\n                        <div class=\"title-box text-center\">\n                <div class=\"sub-title\">Otelimiz<\/div>                <h2 class=\"sec-title\">\u00d6ne \u00e7\u0131kan baz\u0131 \u00f6zelliklerimiz<\/h2>                <div class=\"text\">Otelimizin yer ald\u0131\u011f\u0131 sahil boyunca cafeler, restoranlar, market ve y\u00f6resel \u00fcr\u00fcnlerin sat\u0131ld\u0131\u011f\u0131 ma\u011fazalar\u0131n hepsi y\u00fcr\u00fcme mesafesindedir. \u00d6l\u00fcdeniz sahiline 20 dakika, Oyuktepe Koylar\u0131na 15 dakika ve \u00c7al\u0131\u015f Plaj\u0131na yakla\u015f\u0131k 10 dakika mesafededir. Fethiye\u2019nin tarihini ve Akdeniz\u2019in birbirinden e\u015fsiz do\u011fal g\u00fczelliklerini deneyimlerken ya\u015fam boyu unutamayaca\u011f\u0131n\u0131z kadar rahat bir tatil ar\u0131yorsan\u0131z sizleri a\u011f\u0131rlamaktan onur duyar\u0131z.<\/div>            <\/div>\n                        <div class=\"row\">\n                <div class=\"col-lg-6 why-choose-us-block\">\n                    <div class=\"image\"><img decoding=\"async\" src=\"https:\/\/www.ecemarinasuit.com\/wp-content\/uploads\/2023\/05\/mesudiye-7.jpeg\" alt=\"Awesome Image\"><\/div>                    <div class=\"inner-box\">\n                        <div class=\"image-block\"><div class=\"img_hover_1\"><img decoding=\"async\" src=\"https:\/\/www.ecemarinasuit.com\/wp-content\/uploads\/2023\/05\/h2.jpg\" alt=\"Awesome Image\"><\/div><\/div>                        <div class=\"text-three\"><span>13 Oda<\/span> 9 odada deniz manzas\u0131 <\/div>                    <\/div>\n                <\/div>\n                <div class=\"col-lg-6 why-choose-us-block\">\n                    <div class=\"text-two\">At Bluebell, we understand the different expectations of visitors. We feel elated when you come back for the second time!<\/div>                    <div class=\"icon-list\">\n                     \t                        <ul>\n                                                      <li><i class=\"flaticon-checkmark\"><\/i>Her Oda i\u00e7in \u00dccretsiz Wifi<\/li>\n                                                      <li><i class=\"flaticon-checkmark\"><\/i>\u00dccretsiz Temizlik Hizmetleri<\/li>\n                                                      <li><i class=\"flaticon-checkmark\"><\/i>Tam Donan\u0131ml\u0131 Mutfak<\/li>\n                                                      <li><i class=\"flaticon-checkmark\"><\/i>Klima<\/li>\n                                                      <li><i class=\"flaticon-checkmark\"><\/i>Mikrodalga ve F\u0131r\u0131n<\/li>\n                                                      <li><i class=\"flaticon-checkmark\"><\/i>\u00dct\u00fc Makinesi<\/li>\n                                                      <li><i class=\"flaticon-checkmark\"><\/i>Bula\u015f\u0131k Makinesi<\/li>\n                                                      <li><i class=\"flaticon-checkmark\"><\/i>Buzdolab\u0131<\/li>\n                                                      <li><i class=\"flaticon-checkmark\"><\/i>Televizyon<\/li>\n                                                      <li><i class=\"flaticon-checkmark\"><\/i>Sa\u00e7 Kurutma Makinesi<\/li>\n                                                      <li><i class=\"flaticon-checkmark\"><\/i>Elbise Dolaplar\u0131<\/li>\n                                                      <li><\/li>\n                                                   <\/ul>\n                                            <\/div>\n                <\/div>\n            <\/div>\n        <\/div>\n    <\/section>    \n    \n    \t\t<\/div>\n\t\t\t\t<\/div>\n\t\t\t\t\t<\/div>\n\t\t<\/div>\n\t\t\t\t\t<\/div>\n\t\t<\/section>\n\t\t\t\t<section class=\"elementor-section elementor-top-section elementor-element elementor-element-f68984f elementor-section-full_width elementor-section-height-default elementor-section-height-default\" data-id=\"f68984f\" data-element_type=\"section\">\n\t\t\t\t\t\t<div class=\"elementor-container elementor-column-gap-default\">\n\t\t\t\t\t<div class=\"elementor-column elementor-col-100 elementor-top-column elementor-element elementor-element-2284679\" data-id=\"2284679\" data-element_type=\"column\">\n\t\t\t<div class=\"elementor-widget-wrap elementor-element-populated\">\n\t\t\t\t\t\t<div class=\"elementor-element elementor-element-edafd87 elementor-widget elementor-widget-bluebell_map_v3\" data-id=\"edafd87\" data-element_type=\"widget\" data-widget_type=\"bluebell_map_v3.default\">\n\t\t\t\t<div class=\"elementor-widget-container\">\n\t\t\t            \n    <!-- Map Section -->\n    <section class=\"map-section-two mx-60\">\n        <div class=\"auto-container\">\n            <div class=\"contact-map\">\n                <iframe src=\"https:\/\/www.google.com\/maps\/embed?pb=!1m14!1m8!1m3!1d12808.679635219416!2d29.1037414!3d36.6222966!3m2!1i1024!2i768!4f13.1!3m3!1m2!1s0x14c04179c7acc4eb%3A0x8088ecce641fdd9!2sEce%20Marina%20Suit!5e0!3m2!1str!2sgr!4v1685540226301!5m2!1str!2sgr\" width=\"100%\" height=\"800\" style=\"border:0;\" allowfullscreen=\"\" loading=\"lazy\" referrerpolicy=\"no-referrer-when-downgrade\"><\/iframe>            <\/div>\n        <\/div>\n    <\/section>\n        \n\t\t\t<\/div>\n\t\t\t\t<\/div>\n\t\t\t\t\t<\/div>\n\t\t<\/div>\n\t\t\t\t\t<\/div>\n\t\t<\/section>\n\t\t\t\t<\/div>\n\t\t","protected":false},"excerpt":{"rendered":"<p>Ece Marina S\u00fcit Otel \u00d6nceli\u011fimiz siz de\u011ferli misafirlerimiz&#8230; Misafirlerimiz i\u00e7in elimizden geleni yapmaya \u00e7al\u0131\u015f\u0131yoruz. Otelimiz, Fethiye \u015fehir merkezine \u00e7ok yak\u0131n olan Karag\u00f6zlerdeki marinan\u0131n tam kar\u015f\u0131s\u0131ndad\u0131r. Otelimiz \u00f6n\u00fcnden ge\u00e7en belediye ara\u00e7lar\u0131yla t\u00fcm koylara rahatl\u0131kla ula\u015fabilirsiniz. Hepsi farkl\u0131 konseptle olu\u015fturulmu\u015f, yakla\u015f\u0131k 45 mt2 boyutlar\u0131nda, 1+1 yap\u0131da, 13 odadan olu\u015fan Suit Otelde siz de\u011ferli misafirlerimizin rahat etmesi i\u00e7in [&hellip;]<\/p>\n","protected":false},"author":1,"featured_media":0,"parent":0,"menu_order":0,"comment_status":"closed","ping_status":"closed","template":"tpl-default-elementor.php","meta":{"footnotes":""},"class_list":["post-2799","page","type-page","status-publish","hentry"],"_links":{"self":[{"href":"https:\/\/www.ecemarinasuit.com\/en\/wp-json\/wp\/v2\/pages\/2799","targetHints":{"allow":["GET"]}}],"collection":[{"href":"https:\/\/www.ecemarinasuit.com\/en\/wp-json\/wp\/v2\/pages"}],"about":[{"href":"https:\/\/www.ecemarinasuit.com\/en\/wp-json\/wp\/v2\/types\/page"}],"author":[{"embeddable":true,"href":"https:\/\/www.ecemarinasuit.com\/en\/wp-json\/wp\/v2\/users\/1"}],"replies":[{"embeddable":true,"href":"https:\/\/www.ecemarinasuit.com\/en\/wp-json\/wp\/v2\/comments?post=2799"}],"version-history":[{"count":1,"href":"https:\/\/www.ecemarinasuit.com\/en\/wp-json\/wp\/v2\/pages\/2799\/revisions"}],"predecessor-version":[{"id":2800,"href":"https:\/\/www.ecemarinasuit.com\/en\/wp-json\/wp\/v2\/pages\/2799\/revisions\/2800"}],"wp:attachment":[{"href":"https:\/\/www.ecemarinasuit.com\/en\/wp-json\/wp\/v2\/media?parent=2799"}],"curies":[{"name":"wp","href":"https:\/\/api.w.org\/{rel}","templated":true}]}}