{"id":2805,"date":"2021-12-27T17:24:39","date_gmt":"2021-12-27T17:24:39","guid":{"rendered":"https:\/\/www.ecemarinasuit.com\/ece-marina-suite-hotel-contact\/"},"modified":"2023-06-06T07:50:18","modified_gmt":"2023-06-06T07:50:18","slug":"ece-marina-suite-hotel-contact","status":"publish","type":"page","link":"https:\/\/www.ecemarinasuit.com\/en\/ece-marina-suite-hotel-contact\/","title":{"rendered":"Ece Marina Suite Hotel Contact"},"content":{"rendered":"\t\t<div data-elementor-type=\"wp-page\" data-elementor-id=\"2805\" class=\"elementor elementor-2805 elementor-1062\">\n\t\t\t\t\t\t<section class=\"elementor-section elementor-top-section elementor-element elementor-element-d7dcc9d elementor-section-full_width elementor-section-height-default elementor-section-height-default\" data-id=\"d7dcc9d\" data-element_type=\"section\">\n\t\t\t\t\t\t<div class=\"elementor-container elementor-column-gap-default\">\n\t\t\t\t\t<div class=\"elementor-column elementor-col-100 elementor-top-column elementor-element elementor-element-88cd717\" data-id=\"88cd717\" data-element_type=\"column\">\n\t\t\t<div class=\"elementor-widget-wrap elementor-element-populated\">\n\t\t\t\t\t\t<div class=\"elementor-element elementor-element-44f7d43 elementor-widget elementor-widget-bluebell_contact_us\" data-id=\"44f7d43\" data-element_type=\"widget\" data-widget_type=\"bluebell_contact_us.default\">\n\t\t\t\t<div class=\"elementor-widget-container\">\n\t\t\t        \n        \n \t<!-- Contact Form section -->\n    <section class=\"contact-form-section light-bg mx-60 border-shape-top border-shape-bottom\">\n        <div class=\"auto-container\">        \n            <div class=\"sec-title\">\n                <div class=\"sub-title\">\u0130leti\u015fime Ge\u00e7in<\/div>                <h2>Sizi dinliyoruz<\/h2>                <div class=\"text\">Herhangi bir sorgu i\u00e7in bir mesaj b\u0131rak\u0131n <\/div>            <\/div>\n            <div class=\"row\">\n                                <div class=\"col-lg-8\">\n                    <!--Contact Form-->\n                  \t<div class=\"contact-form style-two\">\n                       \n<div class=\"wpcf7 no-js\" id=\"wpcf7-f3559-o1\" lang=\"en-US\" dir=\"ltr\" data-wpcf7-id=\"3559\">\n<div class=\"screen-reader-response\"><p role=\"status\" aria-live=\"polite\" aria-atomic=\"true\"><\/p> <ul><\/ul><\/div>\n<form action=\"\/en\/wp-json\/wp\/v2\/pages\/2805#wpcf7-f3559-o1\" method=\"post\" class=\"wpcf7-form init\" aria-label=\"Contact form\" novalidate=\"novalidate\" data-status=\"init\">\n<div style=\"display: none;\">\n<input type=\"hidden\" name=\"_wpcf7\" value=\"3559\" \/>\n<input type=\"hidden\" name=\"_wpcf7_version\" value=\"6.0.1\" \/>\n<input type=\"hidden\" name=\"_wpcf7_locale\" value=\"en_US\" \/>\n<input type=\"hidden\" name=\"_wpcf7_unit_tag\" value=\"wpcf7-f3559-o1\" \/>\n<input type=\"hidden\" name=\"_wpcf7_container_post\" value=\"0\" \/>\n<input type=\"hidden\" name=\"_wpcf7_posted_data_hash\" value=\"\" \/>\n<\/div>\n<div class=\"row\">\n\t<div class=\"form-group col-md-6\">\n\t\t<p><span class=\"wpcf7-form-control-wrap\" data-name=\"text-774\"><input size=\"40\" maxlength=\"400\" class=\"wpcf7-form-control wpcf7-text wpcf7-validates-as-required\" aria-required=\"true\" aria-invalid=\"false\" placeholder=\"Your Name\" value=\"\" type=\"text\" name=\"text-774\" \/><\/span>\n\t\t<\/p>\n\t<\/div>\n\t<div class=\"form-group col-md-6\">\n\t\t<p><span class=\"wpcf7-form-control-wrap\" data-name=\"email-161\"><input size=\"40\" maxlength=\"400\" class=\"wpcf7-form-control wpcf7-email wpcf7-validates-as-required wpcf7-text wpcf7-validates-as-email\" aria-required=\"true\" aria-invalid=\"false\" value=\"Your Email\" type=\"email\" name=\"email-161\" \/><\/span>\n\t\t<\/p>\n\t<\/div>\n\t<div class=\"form-group col-md-6\">\n\t\t<p><span class=\"wpcf7-form-control-wrap\" data-name=\"text-775\"><input size=\"40\" maxlength=\"400\" class=\"wpcf7-form-control wpcf7-text\" aria-invalid=\"false\" placeholder=\"Phone Number\" value=\"\" type=\"text\" name=\"text-775\" \/><\/span>\n\t\t<\/p>\n\t<\/div>\n\t<div class=\"form-group col-md-6\">\n\t\t<p><span class=\"wpcf7-form-control-wrap\" data-name=\"text-776\"><input size=\"40\" maxlength=\"400\" class=\"wpcf7-form-control wpcf7-text\" aria-invalid=\"false\" placeholder=\"Subject\" value=\"\" type=\"text\" name=\"text-776\" \/><\/span>\n\t\t<\/p>\n\t<\/div>\n\t<div class=\"form-group col-md-12\">\n\t\t<p><span class=\"wpcf7-form-control-wrap\" data-name=\"textarea-340\"><textarea cols=\"40\" rows=\"10\" maxlength=\"2000\" class=\"wpcf7-form-control wpcf7-textarea wpcf7-validates-as-required\" aria-required=\"true\" aria-invalid=\"false\" name=\"textarea-340\">Write a massage<\/textarea><\/span>\n\t\t<\/p>\n\t<\/div>\n\t<div class=\"form-group col-md-12\">\n\t\t<p><input id=\"form_botcheck\" name=\"form_botcheck\" class=\"form-control\" type=\"hidden\" value=\"\" \/><br \/>\n<button class=\"theme-btn btn-style-one\" type=\"submit\" data-loading-text=\"Please wait...\"><span>Send a Message<\/span><\/button>\n\t\t<\/p>\n\t<\/div>\n<\/div><div class=\"wpcf7-response-output\" aria-hidden=\"true\"><\/div>\n<\/form>\n<\/div>\n                    <\/div>\n                <\/div>\n                                \n                                <div class=\"col-lg-4 icon_box\">\n                    <div class=\"inner-box\">\n                                                <h4>Ece Marina S\u00fcit Otel<\/h4>\n                        <div class=\"border-shap\"><\/div>\n                                                \n                        <div class=\"text-two\">Fevzi \u00c7akmak Caddesi Ece Marina Kar\u015f\u0131s\u0131 No:23\/A<\/div>                        <div class=\"text-three\"><a href=\"http:\/\/info@ecemarinasuit.com\">info@ecemarinasuit.com<\/a><\/div>                    <\/div>\n                    <div class=\"icon-box\">\n                        <h4>Telefon<\/h4>                        <div class=\"icon\"><h5><i class=\"fas fa-phone\"><\/i><a href=\"tel:+90 252 612 66 66\">+90 252 612 66 66<\/a><\/h5><\/div>                                            <\/div>\n                <\/div>\n                            <\/div>\n        <\/div>\n    <\/section>        \n        \n\t\t\t\t<\/div>\n\t\t\t\t<\/div>\n\t\t\t\t\t<\/div>\n\t\t<\/div>\n\t\t\t\t\t<\/div>\n\t\t<\/section>\n\t\t\t\t<section class=\"elementor-section elementor-top-section elementor-element elementor-element-8e80e5c elementor-section-full_width elementor-section-height-default elementor-section-height-default\" data-id=\"8e80e5c\" data-element_type=\"section\">\n\t\t\t\t\t\t<div class=\"elementor-container elementor-column-gap-default\">\n\t\t\t\t\t<div class=\"elementor-column elementor-col-100 elementor-top-column elementor-element elementor-element-47e1e54\" data-id=\"47e1e54\" data-element_type=\"column\">\n\t\t\t<div class=\"elementor-widget-wrap elementor-element-populated\">\n\t\t\t\t\t\t<div class=\"elementor-element elementor-element-8be2668 elementor-widget elementor-widget-bluebell_map_v3\" data-id=\"8be2668\" data-element_type=\"widget\" data-widget_type=\"bluebell_map_v3.default\">\n\t\t\t\t<div class=\"elementor-widget-container\">\n\t\t\t            \n    <!-- Map Section -->\n    <section class=\"map-section-two mx-60\">\n        <div class=\"auto-container\">\n            <div class=\"contact-map\">\n                <iframe src=\"https:\/\/www.google.com\/maps\/embed?pb=!1m14!1m8!1m3!1d12808.679635219416!2d29.1037414!3d36.6222966!3m2!1i1024!2i768!4f13.1!3m3!1m2!1s0x14c04179c7acc4eb%3A0x8088ecce641fdd9!2sEce%20Marina%20Suit!5e0!3m2!1str!2sgr!4v1685540226301!5m2!1str!2sgr\" width=\"100%\" height=\"800\" style=\"border:0;\" allowfullscreen=\"\" loading=\"lazy\" referrerpolicy=\"no-referrer-when-downgrade\"><\/iframe>            <\/div>\n        <\/div>\n    <\/section>\n        \n\t\t\t<\/div>\n\t\t\t\t<\/div>\n\t\t\t\t\t<\/div>\n\t\t<\/div>\n\t\t\t\t\t<\/div>\n\t\t<\/section>\n\t\t\t\t<\/div>\n\t\t","protected":false},"excerpt":{"rendered":"<p>\u0130leti\u015fime Ge\u00e7in Sizi dinliyoruz Herhangi bir sorgu i\u00e7in bir mesaj b\u0131rak\u0131n Write a massage Send a Message Ece Marina S\u00fcit Otel Fevzi \u00c7akmak Caddesi Ece Marina Kar\u015f\u0131s\u0131 No:23\/A info@ecemarinasuit.com Telefon +90 252 612 66 66<\/p>\n","protected":false},"author":1,"featured_media":0,"parent":0,"menu_order":0,"comment_status":"closed","ping_status":"closed","template":"tpl-default-elementor.php","meta":{"footnotes":""},"class_list":["post-2805","page","type-page","status-publish","hentry"],"_links":{"self":[{"href":"https:\/\/www.ecemarinasuit.com\/en\/wp-json\/wp\/v2\/pages\/2805","targetHints":{"allow":["GET"]}}],"collection":[{"href":"https:\/\/www.ecemarinasuit.com\/en\/wp-json\/wp\/v2\/pages"}],"about":[{"href":"https:\/\/www.ecemarinasuit.com\/en\/wp-json\/wp\/v2\/types\/page"}],"author":[{"embeddable":true,"href":"https:\/\/www.ecemarinasuit.com\/en\/wp-json\/wp\/v2\/users\/1"}],"replies":[{"embeddable":true,"href":"https:\/\/www.ecemarinasuit.com\/en\/wp-json\/wp\/v2\/comments?post=2805"}],"version-history":[{"count":1,"href":"https:\/\/www.ecemarinasuit.com\/en\/wp-json\/wp\/v2\/pages\/2805\/revisions"}],"predecessor-version":[{"id":2807,"href":"https:\/\/www.ecemarinasuit.com\/en\/wp-json\/wp\/v2\/pages\/2805\/revisions\/2807"}],"wp:attachment":[{"href":"https:\/\/www.ecemarinasuit.com\/en\/wp-json\/wp\/v2\/media?parent=2805"}],"curies":[{"name":"wp","href":"https:\/\/api.w.org\/{rel}","templated":true}]}}